{"id":23,"date":"2022-08-19T17:08:42","date_gmt":"2022-08-19T17:08:42","guid":{"rendered":"https:\/\/demo.olivethemes.com\/exo\/?page_id=23"},"modified":"2023-02-22T14:53:36","modified_gmt":"2023-02-22T14:53:36","slug":"news","status":"publish","type":"page","link":"https:\/\/hepag.ca\/fr\/news\/","title":{"rendered":"Actualit\u00e9s"},"content":{"rendered":"<div class=\"wp-block-group alignfull is-layout-flow wp-container-core-group-is-layout-dd5ee366 wp-block-group-is-layout-flow\" style=\"padding-top:0px;padding-right:0px;padding-bottom:0px;padding-left:0px\">\n<div class=\"wp-block-cover alignfull\" style=\"padding-top:14vw;padding-right:30px;padding-bottom:14vw;padding-left:30px\"><span aria-hidden=\"true\" class=\"wp-block-cover__background has-background-dim wp-block-cover__gradient-background has-background-gradient\" style=\"background:linear-gradient(90deg,rgb(34,31,60) 30%,rgba(155,81,224,0.09) 93%)\"><\/span><img loading=\"lazy\" decoding=\"async\" width=\"730\" height=\"365\" class=\"wp-block-cover__image-background wp-image-671\" alt=\"\" src=\"https:\/\/hepag.ca\/wp-content\/uploads\/2023\/02\/article_choix_logiciel.jpg\" data-object-fit=\"cover\" srcset=\"https:\/\/hepag.ca\/wp-content\/uploads\/2023\/02\/article_choix_logiciel.jpg 730w, https:\/\/hepag.ca\/wp-content\/uploads\/2023\/02\/article_choix_logiciel-300x150.jpg 300w, https:\/\/hepag.ca\/wp-content\/uploads\/2023\/02\/article_choix_logiciel-18x9.jpg 18w, https:\/\/hepag.ca\/wp-content\/uploads\/2023\/02\/article_choix_logiciel-200x100.jpg 200w\" sizes=\"auto, (max-width: 730px) 100vw, 730px\" \/><div class=\"wp-block-cover__inner-container is-layout-flow wp-block-cover-is-layout-flow\">\n<div class=\"wp-block-group alignwide is-layout-constrained wp-block-group-is-layout-constrained\">\n<div class=\"wp-block-group alignwide is-layout-flow wp-container-core-group-is-layout-f1988915 wp-block-group-is-layout-flow\"><h1 class=\"has-text-align-left alignwide wp-block-post-title has-text-color has-background-color has-extra-large-font-size\">Actualit\u00e9s<\/h1><\/div>\n<\/div>\n<\/div><\/div>\n\n\n\n<div class=\"wp-block-group alignwide has-background is-layout-constrained wp-container-core-group-is-layout-9365235c wp-block-group-is-layout-constrained\" style=\"background-color:#f0f0f0;padding-top:80px;padding-right:20px;padding-bottom:80px;padding-left:20px\">\n<div class=\"wp-block-group alignwide is-layout-constrained wp-container-core-group-is-layout-c512ed68 wp-block-group-is-layout-constrained\" style=\"padding-bottom:30px\">\n<div class=\"wp-block-group alignwide is-content-justification-space-between is-layout-flex wp-container-core-group-is-layout-419548bd wp-block-group-is-layout-flex\" style=\"padding-top:0px;padding-right:0px;padding-bottom:0px;padding-left:0px\">\n<div class=\"wp-block-group is-layout-constrained wp-container-core-group-is-layout-00831e1a wp-block-group-is-layout-constrained\">\n<div class=\"wp-block-group is-nowrap is-layout-flex wp-container-core-group-is-layout-e088cbc5 wp-block-group-is-layout-flex\">\n<div class=\"wp-block-group is-layout-flow wp-block-group-is-layout-flow\">\n<hr class=\"wp-block-separator has-text-color has-primary-color has-alpha-channel-opacity has-primary-background-color has-background\"\/>\n<\/div>\n\n\n\n<p class=\"has-text-align-left has-primary-color has-text-color has-medium-font-size\" style=\"letter-spacing:1px\">Our News<\/p>\n<\/div>\n\n\n\n<h2 class=\"wp-block-heading\" style=\"line-height:1.3\">ACTUALITES<\/h2>\n<\/div>\n\n\n\n<div class=\"wp-block-buttons is-content-justification-left is-layout-flex wp-container-core-buttons-is-layout-74e76067 wp-block-buttons-is-layout-flex\" style=\"margin-top:20px;margin-bottom:20px\">\n<div class=\"wp-block-button\"><a class=\"wp-block-button__link wp-element-button\" href=\"#\" style=\"padding-right:35px;padding-left:35px\">Voir plus<\/a><\/div>\n<\/div>\n<\/div>\n<\/div>\n\n\n\n<div class=\"wp-block-group alignwide is-layout-constrained wp-block-group-is-layout-constrained\">\n<div class=\"wp-block-columns alignwide is-layout-flex wp-container-core-columns-is-layout-c6bc58be wp-block-columns-is-layout-flex\" style=\"padding-top:0px;padding-right:0px;padding-bottom:0px;padding-left:0px\">\n<div class=\"wp-block-column is-vertically-aligned-bottom is-layout-flow wp-block-column-is-layout-flow\" style=\"flex-basis:60%\">\n<div class=\"wp-block-group is-layout-flow wp-block-group-is-layout-flow\">\n<div class=\"wp-block-cover has-custom-content-position is-position-bottom-left\" style=\"padding-top:40px;padding-right:40px;padding-bottom:40px;padding-left:40px\"><span aria-hidden=\"true\" class=\"wp-block-cover__background has-background-dim-100 has-background-dim wp-block-cover__gradient-background has-background-gradient\" style=\"background:linear-gradient(180deg,rgba(0,0,0,0) 40%,rgb(34,31,60) 87%)\"><\/span><img loading=\"lazy\" decoding=\"async\" width=\"1024\" height=\"683\" class=\"wp-block-cover__image-background wp-image-297\" alt=\"\" src=\"https:\/\/demo.olivethemes.com\/exo\/wp-content\/themes\/exo\/assets\/images\/feature-8.jpg\" style=\"object-position:31% 50%\" data-object-fit=\"cover\" data-object-position=\"31% 50%\"\/><div class=\"wp-block-cover__inner-container is-layout-flow wp-block-cover-is-layout-flow\">\n<div class=\"wp-block-group is-layout-constrained wp-container-core-group-is-layout-111b2e00 wp-block-group-is-layout-constrained\">\n<div class=\"wp-block-columns is-not-stacked-on-mobile is-layout-flex wp-container-core-columns-is-layout-fb877c79 wp-block-columns-is-layout-flex\" style=\"padding-top:0px;padding-right:0px;padding-bottom:0px;padding-left:0px\">\n<div class=\"wp-block-column is-vertically-aligned-center is-layout-flow wp-block-column-is-layout-flow\" style=\"flex-basis:30px\">\n<hr class=\"wp-block-separator has-text-color has-primary-color has-alpha-channel-opacity has-primary-background-color has-background\"\/>\n<\/div>\n\n\n\n<div class=\"wp-block-column is-layout-flow wp-block-column-is-layout-flow\">\n<p class=\"has-text-align-left has-primary-color has-text-color has-medium-font-size\" style=\"letter-spacing:1px\"><\/p>\n<\/div>\n<\/div>\n\n\n\n<h2 class=\"has-text-align-left has-background-color has-text-color has-link-color has-large-font-size wp-block-heading wp-elements-5db591f61ad24e708da6dc6a22325f54\" style=\"font-style:normal;font-weight:600\"><a href=\"#\">Finances et investissement<\/a><\/h2>\n<\/div>\n<\/div><\/div>\n<\/div>\n<\/div>\n\n\n\n<div class=\"wp-block-column is-vertically-aligned-bottom is-layout-flow wp-block-column-is-layout-flow\" style=\"flex-basis:60%\">\n<div class=\"wp-block-group is-layout-flow wp-block-group-is-layout-flow\">\n<div class=\"wp-block-cover has-custom-content-position is-position-bottom-left\" style=\"padding-top:40px;padding-right:40px;padding-bottom:40px;padding-left:40px\"><span aria-hidden=\"true\" class=\"wp-block-cover__background has-background-dim-100 has-background-dim wp-block-cover__gradient-background has-background-gradient\" style=\"background:linear-gradient(180deg,rgba(0,0,0,0.18) 64%,rgb(34,31,60) 87%)\"><\/span><img loading=\"lazy\" decoding=\"async\" width=\"1024\" height=\"654\" class=\"wp-block-cover__image-background wp-image-291\" alt=\"\" src=\"https:\/\/demo.olivethemes.com\/exo\/wp-content\/themes\/exo\/assets\/images\/feature-2.jpg\" style=\"object-position:100% 53%\" data-object-fit=\"cover\" data-object-position=\"100% 53%\"\/><div class=\"wp-block-cover__inner-container is-layout-flow wp-block-cover-is-layout-flow\">\n<div class=\"wp-block-group is-layout-constrained wp-container-core-group-is-layout-111b2e00 wp-block-group-is-layout-constrained\">\n<div class=\"wp-block-columns is-not-stacked-on-mobile is-layout-flex wp-container-core-columns-is-layout-fb877c79 wp-block-columns-is-layout-flex\" style=\"padding-top:0px;padding-right:0px;padding-bottom:0px;padding-left:0px\">\n<div class=\"wp-block-column is-vertically-aligned-center is-layout-flow wp-block-column-is-layout-flow\" style=\"flex-basis:30px\">\n<hr class=\"wp-block-separator has-text-color has-white-color has-alpha-channel-opacity has-white-background-color has-background\"\/>\n<\/div>\n\n\n\n<div class=\"wp-block-column is-layout-flow wp-block-column-is-layout-flow\">\n<p class=\"has-text-align-left has-primary-color has-text-color has-medium-font-size\" style=\"letter-spacing:1px\"><\/p>\n<\/div>\n<\/div>\n\n\n\n<h2 class=\"has-text-align-left has-background-color has-text-color has-link-color has-large-font-size wp-block-heading wp-elements-0a897daede66958e12800c2609ff3f56\" style=\"font-style:normal;font-weight:600\"><a href=\"#\">Analyse avanc\u00e9e<\/a><\/h2>\n<\/div>\n<\/div><\/div>\n<\/div>\n<\/div>\n\n\n\n<div class=\"wp-block-column is-vertically-aligned-bottom is-layout-flow wp-block-column-is-layout-flow\" style=\"flex-basis:60%\">\n<div class=\"wp-block-group is-layout-flow wp-block-group-is-layout-flow\">\n<div class=\"wp-block-cover has-custom-content-position is-position-bottom-left\" style=\"padding-top:40px;padding-right:40px;padding-bottom:40px;padding-left:40px\"><span aria-hidden=\"true\" class=\"wp-block-cover__background has-background-dim-100 has-background-dim wp-block-cover__gradient-background has-background-gradient\" style=\"background:linear-gradient(180deg,rgba(0,0,0,0.18) 59%,rgb(34,31,60) 78%)\"><\/span><img loading=\"lazy\" decoding=\"async\" width=\"1024\" height=\"683\" class=\"wp-block-cover__image-background wp-image-296\" alt=\"\" src=\"https:\/\/demo.olivethemes.com\/exo\/wp-content\/themes\/exo\/assets\/images\/feature-7.jpg\" style=\"object-position:61% 58%\" data-object-fit=\"cover\" data-object-position=\"61% 58%\"\/><div class=\"wp-block-cover__inner-container is-layout-flow wp-block-cover-is-layout-flow\">\n<div class=\"wp-block-group is-layout-constrained wp-container-core-group-is-layout-111b2e00 wp-block-group-is-layout-constrained\">\n<div class=\"wp-block-columns is-not-stacked-on-mobile is-layout-flex wp-container-core-columns-is-layout-fb877c79 wp-block-columns-is-layout-flex\" style=\"padding-top:0px;padding-right:0px;padding-bottom:0px;padding-left:0px\">\n<div class=\"wp-block-column is-vertically-aligned-center is-layout-flow wp-block-column-is-layout-flow\" style=\"flex-basis:30px\">\n<hr class=\"wp-block-separator has-text-color has-white-color has-alpha-channel-opacity has-white-background-color has-background\"\/>\n<\/div>\n\n\n\n<div class=\"wp-block-column is-layout-flow wp-block-column-is-layout-flow\">\n<p class=\"has-text-align-left has-primary-color has-text-color has-medium-font-size\" style=\"letter-spacing:1px\"><\/p>\n<\/div>\n<\/div>\n\n\n\n<h2 class=\"has-text-align-left has-background-color has-text-color has-link-color has-large-font-size wp-block-heading wp-elements-6061c8de5d8727d483816002331500de\" style=\"font-style:normal;font-weight:600\"><a href=\"#\">Marketing pour l'image de marque <\/a><\/h2>\n<\/div>\n<\/div><\/div>\n<\/div>\n<\/div>\n<\/div>\n\n\n\n<div class=\"wp-block-columns alignwide is-layout-flex wp-container-core-columns-is-layout-c6bc58be wp-block-columns-is-layout-flex\" style=\"padding-top:0px;padding-right:0px;padding-bottom:0px;padding-left:0px\">\n<div class=\"wp-block-column is-vertically-aligned-bottom is-layout-flow wp-block-column-is-layout-flow\" style=\"flex-basis:60%\">\n<div class=\"wp-block-group is-layout-flow wp-block-group-is-layout-flow\">\n<div class=\"wp-block-cover has-custom-content-position is-position-bottom-left\" style=\"padding-top:40px;padding-right:40px;padding-bottom:40px;padding-left:40px\"><span aria-hidden=\"true\" class=\"wp-block-cover__background has-background-dim-100 has-background-dim wp-block-cover__gradient-background has-background-gradient\" style=\"background:linear-gradient(180deg,rgba(0,0,0,0.18) 37%,rgb(34,31,60) 87%)\"><\/span><img decoding=\"async\" class=\"wp-block-cover__image-background wp-image-246\" alt=\"\" src=\"https:\/\/demo.olivethemes.com\/exo\/wp-content\/themes\/exo\/assets\/images\/feature-3.jpg\" style=\"object-position:83% 55%\" data-object-fit=\"cover\" data-object-position=\"83% 55%\"\/><div class=\"wp-block-cover__inner-container is-layout-flow wp-block-cover-is-layout-flow\">\n<div class=\"wp-block-group is-layout-constrained wp-container-core-group-is-layout-111b2e00 wp-block-group-is-layout-constrained\">\n<div class=\"wp-block-columns is-not-stacked-on-mobile is-layout-flex wp-container-core-columns-is-layout-fb877c79 wp-block-columns-is-layout-flex\" style=\"padding-top:0px;padding-right:0px;padding-bottom:0px;padding-left:0px\">\n<div class=\"wp-block-column is-vertically-aligned-center is-layout-flow wp-block-column-is-layout-flow\" style=\"flex-basis:30px\">\n<hr class=\"wp-block-separator has-text-color has-white-color has-alpha-channel-opacity has-white-background-color has-background\"\/>\n<\/div>\n\n\n\n<div class=\"wp-block-column is-layout-flow wp-block-column-is-layout-flow\">\n<p class=\"has-text-align-left has-primary-color has-text-color has-medium-font-size\" style=\"letter-spacing:1px\"><\/p>\n<\/div>\n<\/div>\n\n\n\n<h2 class=\"has-text-align-left has-background-color has-text-color has-link-color has-large-font-size wp-block-heading wp-elements-90725257f121a708277713f26bcd14e5\" style=\"font-style:normal;font-weight:600\"><a href=\"#\">Strat\u00e9gie &amp; Op\u00e9ration<\/a><\/h2>\n<\/div>\n<\/div><\/div>\n<\/div>\n<\/div>\n\n\n\n<div class=\"wp-block-column is-vertically-aligned-bottom is-layout-flow wp-block-column-is-layout-flow\" style=\"flex-basis:60%\">\n<div class=\"wp-block-group is-layout-flow wp-block-group-is-layout-flow\">\n<div class=\"wp-block-cover has-custom-content-position is-position-bottom-left\" style=\"padding-top:40px;padding-right:40px;padding-bottom:40px;padding-left:40px\"><span aria-hidden=\"true\" class=\"wp-block-cover__background has-background-dim-100 has-background-dim wp-block-cover__gradient-background has-background-gradient\" style=\"background:linear-gradient(180deg,rgba(0,0,0,0.15) 37%,rgb(34,31,60) 84%)\"><\/span><img decoding=\"async\" class=\"wp-block-cover__image-background wp-image-287\" alt=\"\" src=\"https:\/\/demo.olivethemes.com\/exo\/wp-content\/themes\/exo\/assets\/images\/feature-6.jpg\" style=\"object-position:61% 58%\" data-object-fit=\"cover\" data-object-position=\"61% 58%\"\/><div class=\"wp-block-cover__inner-container is-layout-flow wp-block-cover-is-layout-flow\">\n<div class=\"wp-block-group is-layout-constrained wp-container-core-group-is-layout-111b2e00 wp-block-group-is-layout-constrained\">\n<div class=\"wp-block-columns is-not-stacked-on-mobile is-layout-flex wp-container-core-columns-is-layout-fb877c79 wp-block-columns-is-layout-flex\" style=\"padding-top:0px;padding-right:0px;padding-bottom:0px;padding-left:0px\">\n<div class=\"wp-block-column is-vertically-aligned-center is-layout-flow wp-block-column-is-layout-flow\" style=\"flex-basis:30px\">\n<hr class=\"wp-block-separator has-text-color has-white-color has-alpha-channel-opacity has-white-background-color has-background\"\/>\n<\/div>\n\n\n\n<div class=\"wp-block-column is-layout-flow wp-block-column-is-layout-flow\">\n<p class=\"has-text-align-left has-primary-color has-text-color has-medium-font-size\" style=\"letter-spacing:1px\"><\/p>\n<\/div>\n<\/div>\n\n\n\n<h2 class=\"has-text-align-left has-background-color has-text-color has-link-color has-large-font-size wp-block-heading wp-elements-8ed41489f9b38f6964912d30a53f2531\" style=\"font-style:normal;font-weight:600\"><a href=\"#\">Planifiez votre entreprise<\/a><\/h2>\n<\/div>\n<\/div><\/div>\n<\/div>\n<\/div>\n\n\n\n<div class=\"wp-block-column is-vertically-aligned-bottom is-layout-flow wp-block-column-is-layout-flow\" style=\"flex-basis:60%\">\n<div class=\"wp-block-group is-layout-flow wp-block-group-is-layout-flow\">\n<div class=\"wp-block-cover has-custom-content-position is-position-bottom-left\" style=\"padding-top:40px;padding-right:40px;padding-bottom:40px;padding-left:40px\"><span aria-hidden=\"true\" class=\"wp-block-cover__background has-background-dim-100 has-background-dim wp-block-cover__gradient-background has-background-gradient\" style=\"background:linear-gradient(180deg,rgba(0,0,0,0.19) 66%,rgb(34,31,60) 87%)\"><\/span><img decoding=\"async\" class=\"wp-block-cover__image-background wp-image-292\" alt=\"\" src=\"https:\/\/demo.olivethemes.com\/exo\/wp-content\/themes\/exo\/assets\/images\/feature-5.jpg\" style=\"object-position:67% 60%\" data-object-fit=\"cover\" data-object-position=\"67% 60%\"\/><div class=\"wp-block-cover__inner-container is-layout-flow wp-block-cover-is-layout-flow\">\n<div class=\"wp-block-group is-layout-constrained wp-container-core-group-is-layout-111b2e00 wp-block-group-is-layout-constrained\">\n<div class=\"wp-block-columns is-not-stacked-on-mobile is-layout-flex wp-container-core-columns-is-layout-fb877c79 wp-block-columns-is-layout-flex\" style=\"padding-top:0px;padding-right:0px;padding-bottom:0px;padding-left:0px\">\n<div class=\"wp-block-column is-vertically-aligned-center is-layout-flow wp-block-column-is-layout-flow\" style=\"flex-basis:30px\">\n<hr class=\"wp-block-separator has-text-color has-primary-color has-alpha-channel-opacity has-primary-background-color has-background\"\/>\n<\/div>\n\n\n\n<div class=\"wp-block-column is-layout-flow wp-block-column-is-layout-flow\">\n<p class=\"has-text-align-left has-primary-color has-text-color has-medium-font-size\" style=\"letter-spacing:1px\"><\/p>\n<\/div>\n<\/div>\n\n\n\n<h2 class=\"has-text-align-left has-background-color has-text-color has-link-color has-large-font-size wp-block-heading wp-elements-62b3c2f523059f8972c5c226756c68e7\" style=\"font-style:normal;font-weight:600\"><a href=\"#\">Risque faible et r\u00e9sultat \u00e9lev\u00e9<\/a><\/h2>\n<\/div>\n<\/div><\/div>\n<\/div>\n<\/div>\n<\/div>\n<\/div>\n<\/div>\n<\/div>","protected":false},"excerpt":{"rendered":"<p>Our News NEWS<\/p>","protected":false},"author":1,"featured_media":0,"parent":0,"menu_order":0,"comment_status":"closed","ping_status":"closed","template":"page-no-title","meta":{"footnotes":""},"class_list":["post-23","page","type-page","status-publish","hentry"],"_links":{"self":[{"href":"https:\/\/hepag.ca\/fr\/wp-json\/wp\/v2\/pages\/23","targetHints":{"allow":["GET"]}}],"collection":[{"href":"https:\/\/hepag.ca\/fr\/wp-json\/wp\/v2\/pages"}],"about":[{"href":"https:\/\/hepag.ca\/fr\/wp-json\/wp\/v2\/types\/page"}],"author":[{"embeddable":true,"href":"https:\/\/hepag.ca\/fr\/wp-json\/wp\/v2\/users\/1"}],"replies":[{"embeddable":true,"href":"https:\/\/hepag.ca\/fr\/wp-json\/wp\/v2\/comments?post=23"}],"version-history":[{"count":22,"href":"https:\/\/hepag.ca\/fr\/wp-json\/wp\/v2\/pages\/23\/revisions"}],"predecessor-version":[{"id":706,"href":"https:\/\/hepag.ca\/fr\/wp-json\/wp\/v2\/pages\/23\/revisions\/706"}],"wp:attachment":[{"href":"https:\/\/hepag.ca\/fr\/wp-json\/wp\/v2\/media?parent=23"}],"curies":[{"name":"wp","href":"https:\/\/api.w.org\/{rel}","templated":true}]}}