{"id":21,"date":"2022-08-19T17:08:06","date_gmt":"2022-08-19T17:08:06","guid":{"rendered":"https:\/\/demo.olivethemes.com\/exo\/?page_id=21"},"modified":"2023-02-22T15:17:19","modified_gmt":"2023-02-22T15:17:19","slug":"services","status":"publish","type":"page","link":"https:\/\/hepag.ca\/fr\/services\/","title":{"rendered":"Services"},"content":{"rendered":"<div class=\"wp-block-group alignfull is-layout-constrained wp-container-core-group-is-layout-be6b8ec3 wp-block-group-is-layout-constrained\" style=\"padding-top:0px;padding-right:20px;padding-bottom:0px;padding-left:20px\">\n<div class=\"wp-block-group alignwide is-layout-flow wp-container-core-group-is-layout-9e40f159 wp-block-group-is-layout-flow\" style=\"padding-bottom:30px\">\n<div class=\"wp-block-group alignfull is-content-justification-space-between is-layout-flex wp-container-core-group-is-layout-419548bd wp-block-group-is-layout-flex\" style=\"padding-top:0px;padding-right:0px;padding-bottom:0px;padding-left:0px\">\n<div class=\"wp-block-group is-layout-constrained wp-container-core-group-is-layout-00831e1a wp-block-group-is-layout-constrained\">\n<div class=\"wp-block-group is-nowrap is-layout-flex wp-container-core-group-is-layout-e088cbc5 wp-block-group-is-layout-flex\">\n<div class=\"wp-block-group is-layout-flow wp-block-group-is-layout-flow\">\n<hr class=\"wp-block-separator has-text-color has-primary-color has-alpha-channel-opacity has-primary-background-color has-background\"\/>\n<\/div>\n\n\n\n<p class=\"has-text-align-left has-primary-color has-text-color has-medium-font-size\" style=\"letter-spacing:1px\">All Services<\/p>\n<\/div>\n\n\n\n<h2 class=\"has-text-align-left has-slider-title-font-size wp-block-heading\" style=\"line-height:1.3;text-transform:capitalize\">HEPAG<\/h2>\n<\/div>\n\n\n\n<div class=\"wp-block-group is-layout-constrained wp-block-group-is-layout-constrained\">\n<p>Le groupe d'\u00e9conomie de la sant\u00e9 et d'analyse des politiques offre une large gamme de services, notamment :<\/p>\n<\/div>\n\n\n\n<div class=\"wp-block-group alignfull is-layout-flow wp-container-core-group-is-layout-dd5ee366 wp-block-group-is-layout-flow\" style=\"padding-top:0px;padding-right:0px;padding-bottom:0px;padding-left:0px\"><\/div>\n\n\n\n<div class=\"wp-block-buttons is-layout-flex wp-block-buttons-is-layout-flex\">\n<div class=\"wp-block-button\"><a class=\"wp-block-button__link wp-element-button\" href=\"https:\/\/hepag.ca\/fr\/contact-us\/\">CONTACT-US<\/a><\/div>\n<\/div>\n\n\n\n<ul class=\"wp-block-social-links is-layout-flex wp-block-social-links-is-layout-flex\"><\/ul>\n<\/div>\n<\/div>\n<\/div>\n\n\n\n<div class=\"wp-block-media-text alignwide is-stacked-on-mobile\" style=\"grid-template-columns:34% auto\"><figure class=\"wp-block-media-text__media\"><img loading=\"lazy\" decoding=\"async\" width=\"1024\" height=\"683\" src=\"https:\/\/hepag.ca\/wp-content\/uploads\/2023\/01\/pexels-fauxels-3184338-1-1024x683.jpg\" alt=\"\" class=\"wp-image-482 size-full\" srcset=\"https:\/\/hepag.ca\/wp-content\/uploads\/2023\/01\/pexels-fauxels-3184338-1-1024x683.jpg 1024w, https:\/\/hepag.ca\/wp-content\/uploads\/2023\/01\/pexels-fauxels-3184338-1-300x200.jpg 300w, https:\/\/hepag.ca\/wp-content\/uploads\/2023\/01\/pexels-fauxels-3184338-1-768x512.jpg 768w, https:\/\/hepag.ca\/wp-content\/uploads\/2023\/01\/pexels-fauxels-3184338-1-1536x1024.jpg 1536w, https:\/\/hepag.ca\/wp-content\/uploads\/2023\/01\/pexels-fauxels-3184338-1-2048x1365.jpg 2048w, https:\/\/hepag.ca\/wp-content\/uploads\/2023\/01\/pexels-fauxels-3184338-1-200x133.jpg 200w\" sizes=\"auto, (max-width: 1024px) 100vw, 1024px\" \/><\/figure><div class=\"wp-block-media-text__content\">\n<blockquote class=\"wp-block-quote is-layout-flow wp-block-quote-is-layout-flow\">\n<p>\n\n<\/p>\n<cite>Recherche et analyse sur les politiques de sant\u00e9 et les questions \u00e9conomiques, telles que les co\u00fbts des soins de sant\u00e9, l'acc\u00e8s aux soins et l'efficacit\u00e9 des diff\u00e9rents mod\u00e8les de prestation de soins de sant\u00e9.<\/cite><\/blockquote>\n<\/div><\/div>\n\n\n\n<div class=\"wp-block-media-text alignwide is-stacked-on-mobile\" style=\"grid-template-columns:34% auto\"><figure class=\"wp-block-media-text__media\"><img loading=\"lazy\" decoding=\"async\" width=\"1024\" height=\"683\" src=\"https:\/\/hepag.ca\/wp-content\/uploads\/2023\/01\/pexels-nappy-936043-1024x683.jpg\" alt=\"\" class=\"wp-image-483 size-full\" srcset=\"https:\/\/hepag.ca\/wp-content\/uploads\/2023\/01\/pexels-nappy-936043-1024x683.jpg 1024w, https:\/\/hepag.ca\/wp-content\/uploads\/2023\/01\/pexels-nappy-936043-300x200.jpg 300w, https:\/\/hepag.ca\/wp-content\/uploads\/2023\/01\/pexels-nappy-936043-768x512.jpg 768w, https:\/\/hepag.ca\/wp-content\/uploads\/2023\/01\/pexels-nappy-936043-1536x1024.jpg 1536w, https:\/\/hepag.ca\/wp-content\/uploads\/2023\/01\/pexels-nappy-936043-200x133.jpg 200w, https:\/\/hepag.ca\/wp-content\/uploads\/2023\/01\/pexels-nappy-936043.jpg 2048w\" sizes=\"auto, (max-width: 1024px) 100vw, 1024px\" \/><\/figure><div class=\"wp-block-media-text__content\">\n<blockquote class=\"wp-block-quote is-layout-flow wp-block-quote-is-layout-flow\">\n<p>\n\n<\/p>\n<cite>Services de conseil aux organisations de soins de sant\u00e9, aux agences gouvernementales et \u00e0 d'autres parties prenantes sur des questions li\u00e9es \u00e0 la politique et au financement des soins de sant\u00e9.<\/cite><\/blockquote>\n<\/div><\/div>\n\n\n\n<div class=\"wp-block-media-text alignwide is-stacked-on-mobile\" style=\"grid-template-columns:34% auto\"><figure class=\"wp-block-media-text__media\"><img loading=\"lazy\" decoding=\"async\" width=\"626\" height=\"417\" src=\"https:\/\/hepag.ca\/wp-content\/uploads\/2023\/01\/IMG_9116.jpg\" alt=\"\" class=\"wp-image-484 size-full\" srcset=\"https:\/\/hepag.ca\/wp-content\/uploads\/2023\/01\/IMG_9116.jpg 626w, https:\/\/hepag.ca\/wp-content\/uploads\/2023\/01\/IMG_9116-300x200.jpg 300w, https:\/\/hepag.ca\/wp-content\/uploads\/2023\/01\/IMG_9116-200x133.jpg 200w\" sizes=\"auto, (max-width: 626px) 100vw, 626px\" \/><\/figure><div class=\"wp-block-media-text__content\">\n<blockquote class=\"wp-block-quote is-layout-flow wp-block-quote-is-layout-flow\">\n<p>\n\n<\/p>\n<cite>Analyse de l'impact des politiques de sant\u00e9 propos\u00e9es et de la l\u00e9gislation sur le syst\u00e8me de sant\u00e9, les patients et les prestataires de soins de sant\u00e9<\/cite><\/blockquote>\n<\/div><\/div>\n\n\n<p><\/p>\n\n\n<div class=\"wp-block-media-text alignwide is-stacked-on-mobile\" style=\"grid-template-columns:34% auto\"><figure class=\"wp-block-media-text__media\"><img loading=\"lazy\" decoding=\"async\" width=\"1024\" height=\"576\" src=\"https:\/\/hepag.ca\/wp-content\/uploads\/2023\/01\/WhatsApp-Image-2022-05-16-at-10.29.35-3-1024x576.jpeg\" alt=\"\" class=\"wp-image-488 size-full\" srcset=\"https:\/\/hepag.ca\/wp-content\/uploads\/2023\/01\/WhatsApp-Image-2022-05-16-at-10.29.35-3-1024x576.jpeg 1024w, https:\/\/hepag.ca\/wp-content\/uploads\/2023\/01\/WhatsApp-Image-2022-05-16-at-10.29.35-3-300x169.jpeg 300w, https:\/\/hepag.ca\/wp-content\/uploads\/2023\/01\/WhatsApp-Image-2022-05-16-at-10.29.35-3-768x432.jpeg 768w, https:\/\/hepag.ca\/wp-content\/uploads\/2023\/01\/WhatsApp-Image-2022-05-16-at-10.29.35-3-200x112.jpeg 200w, https:\/\/hepag.ca\/wp-content\/uploads\/2023\/01\/WhatsApp-Image-2022-05-16-at-10.29.35-3.jpeg 1080w\" sizes=\"auto, (max-width: 1024px) 100vw, 1024px\" \/><\/figure><div class=\"wp-block-media-text__content\">\n<blockquote class=\"wp-block-quote is-layout-flow wp-block-quote-is-layout-flow\">\n<p>\n\n<\/p>\n<cite>\u00c9valuation des technologies de la sant\u00e9, qui consiste \u00e0 \u00e9valuer l'efficacit\u00e9 clinique, la rentabilit\u00e9 et l'impact budg\u00e9taire des technologies de la sant\u00e9 et des dispositifs m\u00e9dicaux.<\/cite><\/blockquote>\n<\/div><\/div>\n\n\n<p><\/p>\n\n\n<div class=\"wp-block-media-text alignwide is-stacked-on-mobile\" style=\"grid-template-columns:34% auto\"><figure class=\"wp-block-media-text__media\"><img loading=\"lazy\" decoding=\"async\" width=\"1000\" height=\"667\" src=\"https:\/\/hepag.ca\/wp-content\/uploads\/2023\/01\/African-American-Businessman-In-San-Antonio.jpg\" alt=\"\" class=\"wp-image-489 size-full\" srcset=\"https:\/\/hepag.ca\/wp-content\/uploads\/2023\/01\/African-American-Businessman-In-San-Antonio.jpg 1000w, https:\/\/hepag.ca\/wp-content\/uploads\/2023\/01\/African-American-Businessman-In-San-Antonio-300x200.jpg 300w, https:\/\/hepag.ca\/wp-content\/uploads\/2023\/01\/African-American-Businessman-In-San-Antonio-768x512.jpg 768w, https:\/\/hepag.ca\/wp-content\/uploads\/2023\/01\/African-American-Businessman-In-San-Antonio-200x133.jpg 200w\" sizes=\"auto, (max-width: 1000px) 100vw, 1000px\" \/><\/figure><div class=\"wp-block-media-text__content\">\n<blockquote class=\"wp-block-quote is-layout-flow wp-block-quote-is-layout-flow\">\n<p>\n\n<\/p>\n<cite>Analyse co\u00fbts-avantages des soins de sant\u00e9, qui consiste \u00e0 \u00e9valuer les co\u00fbts et les avantages de diff\u00e9rentes interventions et politiques de soins de sant\u00e9.<\/cite><\/blockquote>\n<\/div><\/div>\n\n\n<p><\/p>\n\n\n<div class=\"wp-block-media-text alignwide is-stacked-on-mobile\" style=\"grid-template-columns:34% auto\"><figure class=\"wp-block-media-text__media\"><img loading=\"lazy\" decoding=\"async\" width=\"870\" height=\"500\" src=\"https:\/\/hepag.ca\/wp-content\/uploads\/2023\/01\/870x500-IMAGE.jpg\" alt=\"\" class=\"wp-image-491 size-full\" srcset=\"https:\/\/hepag.ca\/wp-content\/uploads\/2023\/01\/870x500-IMAGE.jpg 870w, https:\/\/hepag.ca\/wp-content\/uploads\/2023\/01\/870x500-IMAGE-300x172.jpg 300w, https:\/\/hepag.ca\/wp-content\/uploads\/2023\/01\/870x500-IMAGE-768x441.jpg 768w, https:\/\/hepag.ca\/wp-content\/uploads\/2023\/01\/870x500-IMAGE-200x115.jpg 200w\" sizes=\"auto, (max-width: 870px) 100vw, 870px\" \/><\/figure><div class=\"wp-block-media-text__content\">\n<blockquote class=\"wp-block-quote is-layout-flow wp-block-quote-is-layout-flow\">\n<p>\n\n<\/p>\n<cite>\u00c9valuation des syst\u00e8mes et des programmes de sant\u00e9, qui comprend l'\u00e9valuation de l'efficacit\u00e9 et de l'efficience des syst\u00e8mes, des politiques et des programmes de sant\u00e9.<\/cite><\/blockquote>\n<\/div><\/div>\n\n\n<p><\/p>\n\n\n<div class=\"wp-block-media-text alignwide is-stacked-on-mobile\" style=\"grid-template-columns:34% auto\"><figure class=\"wp-block-media-text__media\"><img loading=\"lazy\" decoding=\"async\" width=\"626\" height=\"417\" src=\"https:\/\/hepag.ca\/wp-content\/uploads\/2023\/01\/defi-commercial-surmonter-difficulte-obstacle-pour-atteindre-succes-commercial-effort-competence-aspiration-resoudre-concept-probleme-homme-affaires-ambitieux-franchit-obstacles-pour-trouver-obstacles-1-1.webp\" alt=\"\" class=\"wp-image-493 size-full\" srcset=\"https:\/\/hepag.ca\/wp-content\/uploads\/2023\/01\/defi-commercial-surmonter-difficulte-obstacle-pour-atteindre-succes-commercial-effort-competence-aspiration-resoudre-concept-probleme-homme-affaires-ambitieux-franchit-obstacles-pour-trouver-obstacles-1-1.webp 626w, https:\/\/hepag.ca\/wp-content\/uploads\/2023\/01\/defi-commercial-surmonter-difficulte-obstacle-pour-atteindre-succes-commercial-effort-competence-aspiration-resoudre-concept-probleme-homme-affaires-ambitieux-franchit-obstacles-pour-trouver-obstacles-1-1-300x200.webp 300w, https:\/\/hepag.ca\/wp-content\/uploads\/2023\/01\/defi-commercial-surmonter-difficulte-obstacle-pour-atteindre-succes-commercial-effort-competence-aspiration-resoudre-concept-probleme-homme-affaires-ambitieux-franchit-obstacles-pour-trouver-obstacles-1-1-200x133.webp 200w\" sizes=\"auto, (max-width: 626px) 100vw, 626px\" \/><\/figure><div class=\"wp-block-media-text__content\">\n<blockquote class=\"wp-block-quote is-layout-flow wp-block-quote-is-layout-flow\">\n<p>\n\n<\/p>\n<cite>Recherche sur les r\u00e9sultats de sant\u00e9, qui examine les effets des interventions de soins de sant\u00e9 sur les r\u00e9sultats de sant\u00e9, y compris la morbidit\u00e9 et la mortalit\u00e9.<\/cite><\/blockquote>\n<\/div><\/div>\n\n\n\n<div class=\"wp-block-media-text alignwide is-stacked-on-mobile\" style=\"grid-template-columns:34% auto\"><figure class=\"wp-block-media-text__media\"><img loading=\"lazy\" decoding=\"async\" width=\"1024\" height=\"683\" src=\"https:\/\/hepag.ca\/wp-content\/uploads\/2023\/01\/pexels-tima-miroshnichenko-5439165-1024x683.jpg\" alt=\"\" class=\"wp-image-494 size-full\" srcset=\"https:\/\/hepag.ca\/wp-content\/uploads\/2023\/01\/pexels-tima-miroshnichenko-5439165-1024x683.jpg 1024w, https:\/\/hepag.ca\/wp-content\/uploads\/2023\/01\/pexels-tima-miroshnichenko-5439165-300x200.jpg 300w, https:\/\/hepag.ca\/wp-content\/uploads\/2023\/01\/pexels-tima-miroshnichenko-5439165-768x512.jpg 768w, https:\/\/hepag.ca\/wp-content\/uploads\/2023\/01\/pexels-tima-miroshnichenko-5439165-1536x1024.jpg 1536w, https:\/\/hepag.ca\/wp-content\/uploads\/2023\/01\/pexels-tima-miroshnichenko-5439165-2048x1365.jpg 2048w, https:\/\/hepag.ca\/wp-content\/uploads\/2023\/01\/pexels-tima-miroshnichenko-5439165-200x133.jpg 200w\" sizes=\"auto, (max-width: 1024px) 100vw, 1024px\" \/><\/figure><div class=\"wp-block-media-text__content\">\n<blockquote class=\"wp-block-quote is-layout-flow wp-block-quote-is-layout-flow\">\n<p>\n\n<\/p>\n<cite>Mod\u00e9lisation et pr\u00e9vision \u00e9conomiques, qui impliquent de simuler les co\u00fbts et avantages potentiels de diff\u00e9rentes politiques et interventions de sant\u00e9.<\/cite><\/blockquote>\n<\/div><\/div>\n\n\n\n<div class=\"wp-block-media-text alignwide is-stacked-on-mobile\" style=\"grid-template-columns:34% auto\"><figure class=\"wp-block-media-text__media\"><img loading=\"lazy\" decoding=\"async\" width=\"848\" height=\"508\" src=\"https:\/\/hepag.ca\/wp-content\/uploads\/2023\/01\/augmenter-la-valeur-de-votre-entreprise.jpg\" alt=\"\" class=\"wp-image-496 size-full\" srcset=\"https:\/\/hepag.ca\/wp-content\/uploads\/2023\/01\/augmenter-la-valeur-de-votre-entreprise.jpg 848w, https:\/\/hepag.ca\/wp-content\/uploads\/2023\/01\/augmenter-la-valeur-de-votre-entreprise-300x180.jpg 300w, https:\/\/hepag.ca\/wp-content\/uploads\/2023\/01\/augmenter-la-valeur-de-votre-entreprise-768x460.jpg 768w, https:\/\/hepag.ca\/wp-content\/uploads\/2023\/01\/augmenter-la-valeur-de-votre-entreprise-200x120.jpg 200w\" sizes=\"auto, (max-width: 848px) 100vw, 848px\" \/><\/figure><div class=\"wp-block-media-text__content\">\n<blockquote class=\"wp-block-quote is-layout-flow wp-block-quote-is-layout-flow\">\n<p>\n\n<\/p>\n<cite>Analyse et visualisation des donn\u00e9es de sant\u00e9, qui peuvent aider les prestataires de soins de sant\u00e9 et les d\u00e9cideurs \u00e0 prendre des d\u00e9cisions bas\u00e9es sur les donn\u00e9es<\/cite><\/blockquote>\n<\/div><\/div>\n\n\n<p><\/p>\n\n\n<div class=\"wp-block-media-text alignwide is-stacked-on-mobile\" style=\"grid-template-columns:34% auto\"><figure class=\"wp-block-media-text__media\"><img loading=\"lazy\" decoding=\"async\" width=\"1024\" height=\"683\" src=\"https:\/\/hepag.ca\/wp-content\/uploads\/2023\/01\/91964-entretien2-1200x800-1-1024x683.webp\" alt=\"\" class=\"wp-image-497 size-full\" srcset=\"https:\/\/hepag.ca\/wp-content\/uploads\/2023\/01\/91964-entretien2-1200x800-1-1024x683.webp 1024w, https:\/\/hepag.ca\/wp-content\/uploads\/2023\/01\/91964-entretien2-1200x800-1-300x200.webp 300w, https:\/\/hepag.ca\/wp-content\/uploads\/2023\/01\/91964-entretien2-1200x800-1-768x512.webp 768w, https:\/\/hepag.ca\/wp-content\/uploads\/2023\/01\/91964-entretien2-1200x800-1-200x133.webp 200w, https:\/\/hepag.ca\/wp-content\/uploads\/2023\/01\/91964-entretien2-1200x800-1.webp 1200w\" sizes=\"auto, (max-width: 1024px) 100vw, 1024px\" \/><\/figure><div class=\"wp-block-media-text__content\">\n<blockquote class=\"wp-block-quote is-layout-flow wp-block-quote-is-layout-flow\">\n<p>\n\n<\/p>\n<cite>Support in the process of reimbursement and pricing negotiations with healthcare payers.<\/cite><\/blockquote>\n<\/div><\/div>\n\n\n\n<p><\/p>","protected":false},"excerpt":{"rendered":"<p>All Services HEPAG Health economics and policy analysis group offers a wide range of services, [&hellip;]<\/p>","protected":false},"author":1,"featured_media":0,"parent":0,"menu_order":0,"comment_status":"closed","ping_status":"closed","template":"","meta":{"footnotes":""},"class_list":["post-21","page","type-page","status-publish","hentry"],"_links":{"self":[{"href":"https:\/\/hepag.ca\/fr\/wp-json\/wp\/v2\/pages\/21","targetHints":{"allow":["GET"]}}],"collection":[{"href":"https:\/\/hepag.ca\/fr\/wp-json\/wp\/v2\/pages"}],"about":[{"href":"https:\/\/hepag.ca\/fr\/wp-json\/wp\/v2\/types\/page"}],"author":[{"embeddable":true,"href":"https:\/\/hepag.ca\/fr\/wp-json\/wp\/v2\/users\/1"}],"replies":[{"embeddable":true,"href":"https:\/\/hepag.ca\/fr\/wp-json\/wp\/v2\/comments?post=21"}],"version-history":[{"count":40,"href":"https:\/\/hepag.ca\/fr\/wp-json\/wp\/v2\/pages\/21\/revisions"}],"predecessor-version":[{"id":717,"href":"https:\/\/hepag.ca\/fr\/wp-json\/wp\/v2\/pages\/21\/revisions\/717"}],"wp:attachment":[{"href":"https:\/\/hepag.ca\/fr\/wp-json\/wp\/v2\/media?parent=21"}],"curies":[{"name":"wp","href":"https:\/\/api.w.org\/{rel}","templated":true}]}}